{"id":23,"date":"2024-07-11T08:29:27","date_gmt":"2024-07-11T08:29:27","guid":{"rendered":"https:\/\/finurlig-kunst.dk\/?page_id=23"},"modified":"2025-01-29T13:34:09","modified_gmt":"2025-01-29T13:34:09","slug":"home","status":"publish","type":"page","link":"http:\/\/finurlig-kunst.dk\/","title":{"rendered":"Home"},"content":{"rendered":"<p>[et_pb_section fb_built=&#8221;1&#8243; admin_label=&#8221;Header&#8221; _builder_version=&#8221;4.26.0&#8243; _module_preset=&#8221;208dcbd2-7e72-47e0-918d-4d26adc13295&#8243; locked=&#8221;off&#8221; collapsed=&#8221;on&#8221; global_colors_info=&#8221;{}&#8221;][et_pb_row _builder_version=&#8221;4.25.2&#8243; _module_preset=&#8221;default&#8221;][et_pb_column type=&#8221;4_4&#8243; _builder_version=&#8221;4.23.2&#8243; _module_preset=&#8221;default&#8221; global_colors_info=&#8221;{}&#8221;][et_pb_image src=&#8221;http:\/\/finurlig-kunst.dk\/wp-content\/uploads\/2024\/07\/Forside-Karin.jpg&#8221; title_text=&#8221;T\u00f8rning Banke&#8221; _builder_version=&#8221;4.26.0&#8243; _module_preset=&#8221;default&#8221; min_height=&#8221;400px&#8221; custom_padding=&#8221;||0px|||&#8221; global_colors_info=&#8221;{}&#8221;][\/et_pb_image][et_pb_image src=&#8221;http:\/\/finurlig-kunst.dk\/wp-content\/uploads\/2024\/07\/Skaermbillede-2024-07-06-kl.-19.30.37-1.png&#8221; alt=&#8221;Karin Kj.B fra Finurlig Kunst&#8221; title_text=&#8221;Karin Kj.B&#8221; align=&#8221;center&#8221; _builder_version=&#8221;4.26.0&#8243; _module_preset=&#8221;default&#8221; max_width=&#8221;120px&#8221; max_height=&#8221;120px&#8221; border_radii=&#8221;on|500px|500px|500px|500px&#8221; global_colors_info=&#8221;{}&#8221;][\/et_pb_image][et_pb_text _builder_version=&#8221;4.26.0&#8243; _module_preset=&#8221;09ca55ae-4e9e-409b-9824-b450c05d7b7d&#8221; text_orientation=&#8221;center&#8221; global_colors_info=&#8221;{}&#8221;]<\/p>\n<h1>Finurlig-kunst af Karin Kj.B er eventyrlige , finurlige kunstv\u00e6rker der springer af min h\u00e5nd, is\u00e6r n\u00e5r jeg har v\u00e6ret i naturen.<\/h1>\n<p>[\/et_pb_text][et_pb_button button_url=&#8221;https:\/\/finurlig-kunst.dk\/index.php\/about\/&#8221; button_text=&#8221;Mere om Karin og hendes finurlige kunst &#8221; button_alignment=&#8221;center&#8221; _builder_version=&#8221;4.26.0&#8243; _module_preset=&#8221;5d1f209b-b106-4934-80b9-ab703c5ce4a6&#8243; global_colors_info=&#8221;{}&#8221;][\/et_pb_button][\/et_pb_column][\/et_pb_row][\/et_pb_section][et_pb_section fb_built=&#8221;1&#8243; admin_label=&#8221;Featured Work&#8221; _builder_version=&#8221;4.25.2&#8243; _module_preset=&#8221;default&#8221; collapsed=&#8221;on&#8221; global_colors_info=&#8221;{}&#8221;][et_pb_row _builder_version=&#8221;4.23.2&#8243; _module_preset=&#8221;default&#8221;][et_pb_column type=&#8221;4_4&#8243; _builder_version=&#8221;4.23.2&#8243; _module_preset=&#8221;default&#8221; global_colors_info=&#8221;{}&#8221;][et_pb_heading title=&#8221;Mine finurlige v\u00e6rker&#8221; _builder_version=&#8221;4.26.0&#8243; _module_preset=&#8221;f271e131-5e70-44f4-bd6e-47d76b33763f&#8221; title_text_align=&#8221;center&#8221; locked=&#8221;off&#8221; global_colors_info=&#8221;{}&#8221;][\/et_pb_heading][\/et_pb_column][\/et_pb_row][et_pb_row column_structure=&#8221;1_2,1_2&#8243; custom_padding_last_edited=&#8221;on|tablet&#8221; _builder_version=&#8221;4.25.2&#8243; _module_preset=&#8221;default&#8221; custom_padding_tablet=&#8221;||0px||false|false&#8221; custom_padding_phone=&#8221;||0px||false|false&#8221;][et_pb_column type=&#8221;1_2&#8243; _builder_version=&#8221;4.25.2&#8243; _module_preset=&#8221;fd898b4d-8bae-4131-93ec-b8b875c7e91d&#8221; custom_padding=&#8221;100px|40px|100px|40px|true|true&#8221; custom_padding_tablet=&#8221;60px|30px|60px|30px|true|true&#8221; custom_padding_phone=&#8221;40px|20px|40px|20px|true|true&#8221; global_colors_info=&#8221;{}&#8221;][et_pb_image src=&#8221;http:\/\/finurlig-kunst.dk\/wp-content\/uploads\/2024\/07\/Skaermbillede-2024-07-09-kl.-14.55.57-1.png&#8221; title_text=&#8221;Mathias&#8217; Hammelev &#8211; privateje&#8221; align=&#8221;center&#8221; _builder_version=&#8221;4.26.0&#8243; _module_preset=&#8221;default&#8221; width=&#8221;70%&#8221; global_colors_info=&#8221;{}&#8221;][\/et_pb_image][et_pb_text _builder_version=&#8221;4.26.0&#8243; _module_preset=&#8221;9db516b2-a270-4da8-a964-e70129c95942&#8243; global_colors_info=&#8221;{}&#8221;]<\/p>\n<h3>Maleri<\/h3>\n<p>[\/et_pb_text][et_pb_text _builder_version=&#8221;4.26.0&#8243; _module_preset=&#8221;2b3a25f8-120e-4b50-b300-2f7e02f4886e&#8221; custom_margin=&#8221;||40px||false|false&#8221; global_colors_info=&#8221;{}&#8221;]<\/p>\n<p>I min verden her er l\u00f8vf\u00e6ldende tr\u00e6er cirkelrunde, men alligevel er birketr\u00e6er ovale og graner er trekantede. Malerierne har metalliske farver i sig og \u00e6ndrer sig alt efter belysningen. De g\u00f8r sig bedst i det virkelige liv, synes flade herinde &#8211; kom og kig! Jeg laver ogs\u00e5 bestillinger, der m\u00e5ske har din yndlingsudsigt eller s\u00e6rlige farver, der netop passer til dig og dit hjem.\u00a0\u00a0<\/p>\n<p>[\/et_pb_text][et_pb_button button_url=&#8221;https:\/\/finurlig-kunst.dk\/index.php\/malerier\/&#8221; button_text=&#8221;Se mere&#8221; _builder_version=&#8221;4.26.0&#8243; _module_preset=&#8221;ff406d4b-61b3-4770-a8d2-6035a76d9615&#8243; locked=&#8221;off&#8221; global_colors_info=&#8221;{}&#8221;][\/et_pb_button][\/et_pb_column][et_pb_column type=&#8221;1_2&#8243; _builder_version=&#8221;4.25.2&#8243; _module_preset=&#8221;fd898b4d-8bae-4131-93ec-b8b875c7e91d&#8221; custom_padding=&#8221;100px|40px|100px|40px|true|true&#8221; custom_padding_tablet=&#8221;60px|30px|60px|30px|true|true&#8221; custom_padding_phone=&#8221;40px|20px|40px|20px|true|true&#8221; global_colors_info=&#8221;{}&#8221;][et_pb_image src=&#8221;http:\/\/finurlig-kunst.dk\/wp-content\/uploads\/2024\/07\/Skaermbillede-2024-07-10-kl.-12.16.03-1.png&#8221; title_text=&#8221;Sorgbinderi med kogler&#8221; align=&#8221;center&#8221; _builder_version=&#8221;4.26.0&#8243; _module_preset=&#8221;default&#8221; width=&#8221;70%&#8221; global_colors_info=&#8221;{}&#8221;][\/et_pb_image][et_pb_divider show_divider=&#8221;off&#8221; _builder_version=&#8221;4.26.0&#8243; _module_preset=&#8221;default&#8221; global_colors_info=&#8221;{}&#8221;][\/et_pb_divider][et_pb_heading title=&#8221;Kranse&#8221; _builder_version=&#8221;4.26.0&#8243; _module_preset=&#8221;46587023-b9cb-45df-be2e-b35c87d18fb6&#8243; locked=&#8221;off&#8221; global_colors_info=&#8221;{}&#8221;][\/et_pb_heading][et_pb_divider show_divider=&#8221;off&#8221; _builder_version=&#8221;4.26.0&#8243; _module_preset=&#8221;default&#8221; global_colors_info=&#8221;{}&#8221;][\/et_pb_divider][et_pb_text _builder_version=&#8221;4.26.0&#8243; _module_preset=&#8221;2b3a25f8-120e-4b50-b300-2f7e02f4886e&#8221; custom_margin=&#8221;||40px||false|false&#8221; global_colors_info=&#8221;{}&#8221;]<\/p>\n<p>Kranse med naturens l\u00e6kkerier krydret med blomstertorvets dejligheder &#8211; til festbordet med fx. bloklys i midten &#8211; som d\u00f8rpynt &#8211; adventskrans eller sorgbinderi til begravelse.<\/p>\n<p>[\/et_pb_text][et_pb_button button_url=&#8221;https:\/\/finurlig-kunst.dk\/index.php\/kranse\/&#8221; button_text=&#8221;Se mere&#8221; _builder_version=&#8221;4.26.0&#8243; _module_preset=&#8221;ff406d4b-61b3-4770-a8d2-6035a76d9615&#8243; global_colors_info=&#8221;{}&#8221;][\/et_pb_button][\/et_pb_column][\/et_pb_row][et_pb_row column_structure=&#8221;1_2,1_2&#8243; make_equal=&#8221;on&#8221; custom_padding_last_edited=&#8221;on|tablet&#8221; _builder_version=&#8221;4.25.2&#8243; _module_preset=&#8221;default&#8221; custom_padding_tablet=&#8221;||0px||false|false&#8221; custom_padding_phone=&#8221;||0px||false|false&#8221;][et_pb_column type=&#8221;1_2&#8243; _builder_version=&#8221;4.25.2&#8243; _module_preset=&#8221;fd898b4d-8bae-4131-93ec-b8b875c7e91d&#8221; custom_padding=&#8221;100px|40px|100px|40px|true|true&#8221; custom_padding_tablet=&#8221;60px|30px|60px|30px|true|true&#8221; custom_padding_phone=&#8221;40px|20px|40px|20px|true|true&#8221; global_colors_info=&#8221;{}&#8221;][et_pb_image src=&#8221;http:\/\/finurlig-kunst.dk\/wp-content\/uploads\/2024\/07\/Skaermbillede-2024-07-10-kl.-12.20.43-1.png&#8221; title_text=&#8221;Sk\u00e6rmbillede 2024-07-10 kl. 12.20.43&#8243; align=&#8221;center&#8221; _builder_version=&#8221;4.26.0&#8243; _module_preset=&#8221;default&#8221; width=&#8221;70%&#8221; global_colors_info=&#8221;{}&#8221;][\/et_pb_image][et_pb_heading title=&#8221;Sorgbinderi&#8221; _builder_version=&#8221;4.26.0&#8243; _module_preset=&#8221;46587023-b9cb-45df-be2e-b35c87d18fb6&#8243; locked=&#8221;off&#8221; global_colors_info=&#8221;{}&#8221;][\/et_pb_heading][et_pb_text _builder_version=&#8221;4.26.0&#8243; _module_preset=&#8221;2b3a25f8-120e-4b50-b300-2f7e02f4886e&#8221; custom_margin=&#8221;||40px||false|false&#8221; global_colors_info=&#8221;{}&#8221;]<\/p>\n<p>Sorgbinderi til et sidste farvel ved bis\u00e6ttelsen eller begravelsen. Kistepynt til selve kisten. B\u00e5rebuketter til gulvet. Hjerter til kisten eller som b\u00e5rebuket. Alt binderi kan bestilles med b\u00e5nd. Jeg bringer ud i Nordsj\u00e6lland.\u00a0<\/p>\n<p>[\/et_pb_text][et_pb_button button_url=&#8221;https:\/\/finurlig-kunst.dk\/index.php\/sorgbinderi\/&#8221; button_text=&#8221;Se mere&#8221; _builder_version=&#8221;4.26.0&#8243; _module_preset=&#8221;ff406d4b-61b3-4770-a8d2-6035a76d9615&#8243; locked=&#8221;off&#8221; global_colors_info=&#8221;{}&#8221;][\/et_pb_button][\/et_pb_column][et_pb_column type=&#8221;1_2&#8243; _builder_version=&#8221;4.25.2&#8243; _module_preset=&#8221;fd898b4d-8bae-4131-93ec-b8b875c7e91d&#8221; custom_padding=&#8221;100px|40px|100px|40px|true|true&#8221; custom_padding_tablet=&#8221;60px|30px|60px|30px|true|true&#8221; custom_padding_phone=&#8221;40px|20px|40px|20px|true|true&#8221; global_colors_info=&#8221;{}&#8221;][et_pb_image src=&#8221;http:\/\/finurlig-kunst.dk\/wp-content\/uploads\/2024\/07\/Skaermbillede-2024-07-09-kl.-15.24.23-1.png&#8221; title_text=&#8221;Sk\u00e6rmbillede 2024-07-09 kl. 15.24.23&#8243; align=&#8221;center&#8221; _builder_version=&#8221;4.26.0&#8243; _module_preset=&#8221;default&#8221; width=&#8221;70%&#8221; global_colors_info=&#8221;{}&#8221;][\/et_pb_image][et_pb_text _builder_version=&#8221;4.26.0&#8243; _module_preset=&#8221;9db516b2-a270-4da8-a964-e70129c95942&#8243; global_colors_info=&#8221;{}&#8221;]<\/p>\n<h3>L\u00e6kre julerier<\/h3>\n<p>[\/et_pb_text][et_pb_text _builder_version=&#8221;4.26.0&#8243; _module_preset=&#8221;2b3a25f8-120e-4b50-b300-2f7e02f4886e&#8221; custom_margin=&#8221;||40px||false|false&#8221; global_colors_info=&#8221;{}&#8221;]<\/p>\n<p>Her leger jeg med naturens materialer krydret med lidt ekstra til bordet, d\u00f8ren eller juletr\u00e6et<\/p>\n<p>[\/et_pb_text][et_pb_button button_url=&#8221;https:\/\/finurlig-kunst.dk\/index.php\/laekre-julerier\/%20&#8243; button_text=&#8221;Se mere&#8221; _builder_version=&#8221;4.26.0&#8243; _module_preset=&#8221;ff406d4b-61b3-4770-a8d2-6035a76d9615&#8243; locked=&#8221;off&#8221; global_colors_info=&#8221;{}&#8221;][\/et_pb_button][\/et_pb_column][\/et_pb_row][\/et_pb_section]<\/p>\n","protected":false},"excerpt":{"rendered":"<p>Finurlig-kunst af Karin Kj.B er eventyrlige , finurlige kunstv\u00e6rker der springer af min h\u00e5nd, is\u00e6r n\u00e5r jeg har v\u00e6ret i naturen.MaleriI min verden her er l\u00f8vf\u00e6ldende tr\u00e6er cirkelrunde, men alligevel er birketr\u00e6er ovale og graner er trekantede. Malerierne har metalliske farver i sig og \u00e6ndrer sig alt efter belysningen. De g\u00f8r sig bedst i det [&hellip;]<\/p>\n","protected":false},"author":2,"featured_media":0,"parent":0,"menu_order":0,"comment_status":"closed","ping_status":"closed","template":"","meta":{"_et_pb_use_builder":"on","_et_pb_old_content":"","_et_gb_content_width":"","footnotes":""},"class_list":["post-23","page","type-page","status-publish","hentry"],"_links":{"self":[{"href":"http:\/\/finurlig-kunst.dk\/index.php\/wp-json\/wp\/v2\/pages\/23","targetHints":{"allow":["GET"]}}],"collection":[{"href":"http:\/\/finurlig-kunst.dk\/index.php\/wp-json\/wp\/v2\/pages"}],"about":[{"href":"http:\/\/finurlig-kunst.dk\/index.php\/wp-json\/wp\/v2\/types\/page"}],"author":[{"embeddable":true,"href":"http:\/\/finurlig-kunst.dk\/index.php\/wp-json\/wp\/v2\/users\/2"}],"replies":[{"embeddable":true,"href":"http:\/\/finurlig-kunst.dk\/index.php\/wp-json\/wp\/v2\/comments?post=23"}],"version-history":[{"count":25,"href":"http:\/\/finurlig-kunst.dk\/index.php\/wp-json\/wp\/v2\/pages\/23\/revisions"}],"predecessor-version":[{"id":793,"href":"http:\/\/finurlig-kunst.dk\/index.php\/wp-json\/wp\/v2\/pages\/23\/revisions\/793"}],"wp:attachment":[{"href":"http:\/\/finurlig-kunst.dk\/index.php\/wp-json\/wp\/v2\/media?parent=23"}],"curies":[{"name":"wp","href":"https:\/\/api.w.org\/{rel}","templated":true}]}}