{"id":760,"date":"2025-01-29T12:35:40","date_gmt":"2025-01-29T12:35:40","guid":{"rendered":"https:\/\/finurlig-kunst.dk\/?page_id=760"},"modified":"2025-01-29T12:35:40","modified_gmt":"2025-01-29T12:35:40","slug":"udstillinger","status":"publish","type":"page","link":"https:\/\/finurlig-kunst.dk\/index.php\/udstillinger\/","title":{"rendered":"Udstillinger"},"content":{"rendered":"<p>[et_pb_section fb_built=&#8221;1&#8243; admin_label=&#8221;Header&#8221; _builder_version=&#8221;4.25.2&#8243; _module_preset=&#8221;208dcbd2-7e72-47e0-918d-4d26adc13295&#8243; custom_padding=&#8221;0px||0px||true|false&#8221; collapsed=&#8221;on&#8221; global_colors_info=&#8221;{}&#8221;][et_pb_row column_structure=&#8221;1_3,2_3&#8243; make_equal=&#8221;on&#8221; _builder_version=&#8221;4.26.0&#8243; _module_preset=&#8221;default&#8221; width=&#8221;100%&#8221; max_width=&#8221;none&#8221; custom_padding=&#8221;0px||0px||true|false&#8221;][et_pb_column type=&#8221;1_3&#8243; _builder_version=&#8221;4.26.0&#8243; _module_preset=&#8221;default&#8221; background_image=&#8221;http:\/\/finurlig-kunst.dk\/wp-content\/uploads\/2024\/07\/Skaermbillede-2024-07-06-kl.-19.30.37.png&#8221; global_colors_info=&#8221;{}&#8221;][et_pb_divider show_divider=&#8221;off&#8221; _builder_version=&#8221;4.23.2&#8243; _module_preset=&#8221;default&#8221; height_tablet=&#8221;60vw&#8221; height_phone=&#8221;100vw&#8221; height_last_edited=&#8221;on|desktop&#8221; global_colors_info=&#8221;{}&#8221;][\/et_pb_divider][\/et_pb_column][et_pb_column type=&#8221;2_3&#8243; _builder_version=&#8221;4.25.2&#8243; _module_preset=&#8221;default&#8221; custom_padding=&#8221;8%|8%|8%||true|false&#8221; custom_padding_tablet=&#8221;5%|5%|5%|5%|true|true&#8221; custom_padding_phone=&#8221;5%|5%|5%|5%|true|true&#8221; custom_padding_last_edited=&#8221;on|desktop&#8221; global_colors_info=&#8221;{}&#8221;][et_pb_heading title=&#8221;Udstillinger&#8221; _builder_version=&#8221;4.27.4&#8243; _module_preset=&#8221;33cd0e7b-5c3d-4c2c-9130-48aa03446097&#8243; title_text_color=&#8221;#FFFFFF&#8221; custom_margin=&#8221;||10px||false|false&#8221; locked=&#8221;off&#8221; global_colors_info=&#8221;{}&#8221;][\/et_pb_heading][et_pb_heading title=&#8221;Karin Kj.B&#8221; _builder_version=&#8221;4.26.0&#8243; _module_preset=&#8221;aa5eda25-1af0-4ad1-9da1-b9aa21e8a5df&#8221; title_text_color=&#8221;#FFFFFF&#8221; locked=&#8221;off&#8221; global_colors_info=&#8221;{}&#8221;][\/et_pb_heading][et_pb_heading _builder_version=&#8221;4.27.4&#8243; _module_preset=&#8221;56abcb5a-742d-4c22-9171-27be526523d9&#8243; title_text_color=&#8221;#FFFFFF&#8221; max_width=&#8221;800px&#8221; locked=&#8221;off&#8221; global_colors_info=&#8221;{}&#8221;][\/et_pb_heading][\/et_pb_column][\/et_pb_row][\/et_pb_section][et_pb_section fb_built=&#8221;1&#8243; admin_label=&#8221;About&#8221; _builder_version=&#8221;4.25.2&#8243; _module_preset=&#8221;default&#8221; collapsed=&#8221;on&#8221; global_colors_info=&#8221;{}&#8221;][et_pb_row _builder_version=&#8221;4.23.2&#8243; _module_preset=&#8221;default&#8221;][et_pb_column type=&#8221;4_4&#8243; _builder_version=&#8221;4.23.2&#8243; _module_preset=&#8221;default&#8221; global_colors_info=&#8221;{}&#8221;][et_pb_text _builder_version=&#8221;4.27.4&#8243; _module_preset=&#8221;2b3a25f8-120e-4b50-b300-2f7e02f4886e&#8221; link_font=&#8221;||||on||||&#8221; link_text_color=&#8221;gcid-primary-color&#8221; hover_enabled=&#8221;0&#8243; global_colors_info=&#8221;{%22gcid-primary-color%22:%91%22quote_text_color%22,%22link_text_color%22%93}&#8221; sticky_enabled=&#8221;0&#8243;]<\/p>\n<h4><strong><img loading=\"lazy\" decoding=\"async\" src=\"http:\/\/finurlig-kunst.dk\/wp-content\/uploads\/2025\/01\/GAT.jpeg\" width=\"225\" height=\"225\" alt=\"Gallery Art Tour\" class=\"wp-image-764 alignnone size-full\" style=\"float: right;\" srcset=\"https:\/\/finurlig-kunst.dk\/wp-content\/uploads\/2025\/01\/GAT.jpeg 225w, https:\/\/finurlig-kunst.dk\/wp-content\/uploads\/2025\/01\/GAT-150x150.jpeg 150w, https:\/\/finurlig-kunst.dk\/wp-content\/uploads\/2025\/01\/GAT-100x100.jpeg 100w\" sizes=\"(max-width: 225px) 100vw, 225px\" \/><\/strong><\/h4>\n<h4><strong>Permanent<\/strong> : <a href=\"https:\/\/maps.app.goo.gl\/VUkN3Wgx5eN9GQx17\" target=\"_blank\" rel=\"noopener\">Gallery Art Tour, Helsing\u00f8rgade 29, Hiller\u00f8d<\/a><\/h4>\n<p>&nbsp;<\/p>\n<h4><strong>Februar 2025<\/strong> :<\/h4>\n<h4>&#8211; Trelleborg Sealing Solutions, Fabriksvej 17A, Helsing\u00f8r (privat)<\/h4>\n<h4>&#8211; <a href=\"https:\/\/maps.app.goo.gl\/8pfeDMtVTWgQ2qkx7\" target=\"_blank\" rel=\"noopener\">Helsinge bibliotek\u00a0<\/a><\/h4>\n<h4><\/h4>\n<h4><\/h4>\n<h4><\/h4>\n<h4><\/h4>\n<h4><\/h4>\n<h4>P\u00e5 gl\u00e6deligt gensyn,<\/h4>\n<h4>Finurlig \u2013 Kunst. dk ved Karin Kj.B. \u2013 mobil: 50394026<\/h4>\n<p>[\/et_pb_text][\/et_pb_column][\/et_pb_row][\/et_pb_section]<\/p>\n","protected":false},"excerpt":{"rendered":"<p>Permanent : Gallery Art Tour, Helsing\u00f8rgade 29, Hiller\u00f8d &nbsp; Februar 2025 : &#8211; Trelleborg Sealing Solutions, Fabriksvej 17A, Helsing\u00f8r (privat) &#8211; Helsinge bibliotek\u00a0 P\u00e5 gl\u00e6deligt gensyn, Finurlig \u2013 Kunst. dk ved Karin Kj.B. \u2013 mobil: 50394026<\/p>\n","protected":false},"author":1,"featured_media":0,"parent":0,"menu_order":0,"comment_status":"closed","ping_status":"closed","template":"","meta":{"_et_pb_use_builder":"on","_et_pb_old_content":"","_et_gb_content_width":"","footnotes":""},"class_list":["post-760","page","type-page","status-publish","hentry"],"_links":{"self":[{"href":"https:\/\/finurlig-kunst.dk\/index.php\/wp-json\/wp\/v2\/pages\/760","targetHints":{"allow":["GET"]}}],"collection":[{"href":"https:\/\/finurlig-kunst.dk\/index.php\/wp-json\/wp\/v2\/pages"}],"about":[{"href":"https:\/\/finurlig-kunst.dk\/index.php\/wp-json\/wp\/v2\/types\/page"}],"author":[{"embeddable":true,"href":"https:\/\/finurlig-kunst.dk\/index.php\/wp-json\/wp\/v2\/users\/1"}],"replies":[{"embeddable":true,"href":"https:\/\/finurlig-kunst.dk\/index.php\/wp-json\/wp\/v2\/comments?post=760"}],"version-history":[{"count":3,"href":"https:\/\/finurlig-kunst.dk\/index.php\/wp-json\/wp\/v2\/pages\/760\/revisions"}],"predecessor-version":[{"id":765,"href":"https:\/\/finurlig-kunst.dk\/index.php\/wp-json\/wp\/v2\/pages\/760\/revisions\/765"}],"wp:attachment":[{"href":"https:\/\/finurlig-kunst.dk\/index.php\/wp-json\/wp\/v2\/media?parent=760"}],"curies":[{"name":"wp","href":"https:\/\/api.w.org\/{rel}","templated":true}]}}