{"id":681,"date":"2024-07-11T14:24:37","date_gmt":"2024-07-11T14:24:37","guid":{"rendered":"https:\/\/finurlig-kunst.dk\/?post_type=product&#038;p=681"},"modified":"2024-07-11T14:27:02","modified_gmt":"2024-07-11T14:27:02","slug":"doerkrans","status":"publish","type":"product","link":"https:\/\/finurlig-kunst.dk\/index.php\/vare\/doerkrans\/","title":{"rendered":"D\u00f8rkrans"},"content":{"rendered":"<p>Naturens bedste materialer med lidt ekstra l\u00e6kkert.<\/p>\n<p>Jeg skaber en smuk krans til din d\u00f8r i \u00e5rstiden farver og t\u00f8rrede blomster.<br \/>\nKransen m\u00e5ler ca. 40 x 40 cm<\/p>\n","protected":false},"excerpt":{"rendered":"<p>Smuk krans til din d\u00f8r i \u00e5rstiden farver og t\u00f8rrede blomster<\/p>\n","protected":false},"featured_media":538,"comment_status":"open","ping_status":"closed","template":"","meta":{"_et_pb_use_builder":"","_et_pb_old_content":"","_et_gb_content_width":""},"product_brand":[],"product_cat":[27],"product_tag":[26,25],"class_list":{"0":"post-681","1":"product","2":"type-product","3":"status-publish","4":"has-post-thumbnail","6":"product_cat-kranse","7":"product_tag-doerkrans","8":"product_tag-doerpynt","10":"first","11":"instock","12":"taxable","13":"shipping-taxable","14":"purchasable","15":"product-type-simple"},"_links":{"self":[{"href":"https:\/\/finurlig-kunst.dk\/index.php\/wp-json\/wp\/v2\/product\/681","targetHints":{"allow":["GET"]}}],"collection":[{"href":"https:\/\/finurlig-kunst.dk\/index.php\/wp-json\/wp\/v2\/product"}],"about":[{"href":"https:\/\/finurlig-kunst.dk\/index.php\/wp-json\/wp\/v2\/types\/product"}],"replies":[{"embeddable":true,"href":"https:\/\/finurlig-kunst.dk\/index.php\/wp-json\/wp\/v2\/comments?post=681"}],"wp:featuredmedia":[{"embeddable":true,"href":"https:\/\/finurlig-kunst.dk\/index.php\/wp-json\/wp\/v2\/media\/538"}],"wp:attachment":[{"href":"https:\/\/finurlig-kunst.dk\/index.php\/wp-json\/wp\/v2\/media?parent=681"}],"wp:term":[{"taxonomy":"product_brand","embeddable":true,"href":"https:\/\/finurlig-kunst.dk\/index.php\/wp-json\/wp\/v2\/product_brand?post=681"},{"taxonomy":"product_cat","embeddable":true,"href":"https:\/\/finurlig-kunst.dk\/index.php\/wp-json\/wp\/v2\/product_cat?post=681"},{"taxonomy":"product_tag","embeddable":true,"href":"https:\/\/finurlig-kunst.dk\/index.php\/wp-json\/wp\/v2\/product_tag?post=681"}],"curies":[{"name":"wp","href":"https:\/\/api.w.org\/{rel}","templated":true}]}}